{"id":18,"date":"2014-02-04T12:03:58","date_gmt":"2014-02-04T10:03:58","guid":{"rendered":"http:\/\/aksoy-aksoy.av.tr\/tr\/?page_id=18"},"modified":"2017-12-25T15:52:18","modified_gmt":"2017-12-25T12:52:18","slug":"avukatlarimiz","status":"publish","type":"page","link":"http:\/\/aksoy-aksoy.av.tr\/tr\/?page_id=18","title":{"rendered":"\u0130leti\u015fim Bilgileri"},"content":{"rendered":"<p>Aksoy Avukatl\u0131k B\u00fcrosu<\/p>\n<table width=\"605\">\n<tbody>\n<tr>\n<td width=\"59\">Telefon:<\/td>\n<td width=\"426\">0242 311 80 85<\/td>\n<td rowspan=\"3\" width=\"120\"><a style=\"font-size: 1.4rem;\" href=\"http:\/\/aksoy-aksoy.av.tr\/tr\/wp-content\/uploads\/2014\/02\/av.sad\u0131k-zeki-aksoy-2014.png\"><img loading=\"lazy\" decoding=\"async\" class=\"wp-image-56 alignleft\" src=\"http:\/\/aksoy-aksoy.av.tr\/tr\/wp-content\/uploads\/2014\/02\/av.sad\u0131k-zeki-aksoy-2014-300x300.png\" alt=\"av.sad\u0131k zeki aksoy 2014\" width=\"163\" height=\"163\" srcset=\"http:\/\/aksoy-aksoy.av.tr\/tr\/wp-content\/uploads\/2014\/02\/av.sad\u0131k-zeki-aksoy-2014-300x300.png 300w, http:\/\/aksoy-aksoy.av.tr\/tr\/wp-content\/uploads\/2014\/02\/av.sad\u0131k-zeki-aksoy-2014-150x150.png 150w, http:\/\/aksoy-aksoy.av.tr\/tr\/wp-content\/uploads\/2014\/02\/av.sad\u0131k-zeki-aksoy-2014.png 512w\" sizes=\"(max-width: 163px) 100vw, 163px\" \/><\/a><\/td>\n<\/tr>\n<tr>\n<td>E-mail:<\/td>\n<td>info@aksoy-aksoy.av.tr<\/td>\n<\/tr>\n<tr>\n<td>Adres:<\/td>\n<td>Etiler Mah. Adnan Menderes Blv. Askero\u011flu \u0130\u015f Mrk. No:63 Kat:3 D:27-28 Muratpa\u015fa \/ ANTALYA<\/td>\n<\/tr>\n<\/tbody>\n<\/table>\n<p>&nbsp;<\/p>\n","protected":false},"excerpt":{"rendered":"<p>Aksoy Avukatl\u0131k B\u00fcrosu Telefon: 0242 311 80 85 E-mail: info@aksoy-aksoy.av.tr Adres: Etiler Mah. Adnan Menderes Blv. Askero\u011flu \u0130\u015f Mrk. No:63 Kat:3 D:27-28 Muratpa\u015fa \/ ANTALYA &nbsp;<\/p>\n","protected":false},"author":1,"featured_media":0,"parent":0,"menu_order":0,"comment_status":"open","ping_status":"closed","template":"","meta":{"footnotes":""},"class_list":["post-18","page","type-page","status-publish","hentry"],"_links":{"self":[{"href":"http:\/\/aksoy-aksoy.av.tr\/tr\/index.php?rest_route=\/wp\/v2\/pages\/18"}],"collection":[{"href":"http:\/\/aksoy-aksoy.av.tr\/tr\/index.php?rest_route=\/wp\/v2\/pages"}],"about":[{"href":"http:\/\/aksoy-aksoy.av.tr\/tr\/index.php?rest_route=\/wp\/v2\/types\/page"}],"author":[{"embeddable":true,"href":"http:\/\/aksoy-aksoy.av.tr\/tr\/index.php?rest_route=\/wp\/v2\/users\/1"}],"replies":[{"embeddable":true,"href":"http:\/\/aksoy-aksoy.av.tr\/tr\/index.php?rest_route=%2Fwp%2Fv2%2Fcomments&post=18"}],"version-history":[{"count":13,"href":"http:\/\/aksoy-aksoy.av.tr\/tr\/index.php?rest_route=\/wp\/v2\/pages\/18\/revisions"}],"predecessor-version":[{"id":109,"href":"http:\/\/aksoy-aksoy.av.tr\/tr\/index.php?rest_route=\/wp\/v2\/pages\/18\/revisions\/109"}],"wp:attachment":[{"href":"http:\/\/aksoy-aksoy.av.tr\/tr\/index.php?rest_route=%2Fwp%2Fv2%2Fmedia&parent=18"}],"curies":[{"name":"wp","href":"https:\/\/api.w.org\/{rel}","templated":true}]}}