{"id":2,"date":"2014-02-04T09:53:21","date_gmt":"2014-02-04T07:53:21","guid":{"rendered":"http:\/\/aksoy-aksoy.av.tr\/tr\/?page_id=2"},"modified":"2014-02-07T19:58:35","modified_gmt":"2014-02-07T17:58:35","slug":"ornek-sayfa","status":"publish","type":"page","link":"http:\/\/aksoy-aksoy.av.tr\/tr\/?page_id=2","title":{"rendered":"Hizmetlerimiz"},"content":{"rendered":"<p><span style=\"line-height: 1.5;\">Hukuk Davalar\u0131<\/span><\/p>\n<p>Bo\u015fanma, Velayet ve Nafaka Davalar\u0131<\/p>\n<p>Miras Davalar\u0131<\/p>\n<p>Kira ve Tahliye Davalar\u0131<\/p>\n<p>Yabanc\u0131 Mahkeme Kararlar\u0131n\u0131n Tan\u0131nmas\u0131 ve Tenfizi<\/p>\n<p>(Yabanc\u0131 \u00dclke Mahkemeleri taraf\u0131ndan verilen kararlar\u0131n T\u00fcrkiye&#8217;de kesin h\u00fck\u00fcm te\u015fkil edecek \u015fekilde Tan\u0131nmas\u0131n\u0131 ve icra edilebilir hale getirilmesini temin etmek)<\/p>\n<p>Ticari Davalar<\/p>\n<p>S\u00f6zle\u015fmeden Do\u011fan Davalar<\/p>\n<p>\u015eirketler Hukukundan Do\u011fan Davalar<\/p>\n<p>\u0130\u015f Davalar\u0131<\/p>\n<p>K\u0131dem ve \u0130hbar Tazminat\u0131 ile di\u011fer hak ve alacaklardan do\u011fan davalar<\/p>\n<p>\u0130\u015fe \u0130ade Davalar\u0131<\/p>\n<p>Ceza Davalar\u0131<\/p>\n<p>Soru\u015fturma ve Yarg\u0131lama Safhas\u0131nda M\u00fcdafilik ve di\u011fer Hukuki Yard\u0131mlar<\/p>\n<p>Avrupa \u0130nsan Haklar\u0131 Mahkemesi Ba\u015fvurular\u0131<\/p>\n<p>Avrupa \u0130nsan Haklar\u0131 S\u00f6zle\u015fmesi ile Ekli Protokollerin g\u00fcvence alt\u0131na ald\u0131\u011f\u0131 haklar\u0131 ihlal eden Devlet Tasarruflar\u0131 nedeniyle ki\u015filerin u\u011frad\u0131\u011f\u0131 her t\u00fcrl\u00fc zarar\u0131n tazmin edilmesine d\u00f6n\u00fck davalar<\/p>\n","protected":false},"excerpt":{"rendered":"<p>Hukuk Davalar\u0131 Bo\u015fanma, Velayet ve Nafaka Davalar\u0131 Miras Davalar\u0131 Kira ve Tahliye Davalar\u0131 Yabanc\u0131 Mahkeme Kararlar\u0131n\u0131n Tan\u0131nmas\u0131 ve Tenfizi (Yabanc\u0131 \u00dclke Mahkemeleri taraf\u0131ndan verilen kararlar\u0131n T\u00fcrkiye&#8217;de kesin h\u00fck\u00fcm te\u015fkil edecek \u015fekilde Tan\u0131nmas\u0131n\u0131 ve icra edilebilir hale getirilmesini temin etmek) Ticari Davalar S\u00f6zle\u015fmeden Do\u011fan Davalar \u015eirketler Hukukundan Do\u011fan Davalar \u0130\u015f Davalar\u0131 K\u0131dem ve \u0130hbar Tazminat\u0131 ile [&hellip;]<\/p>\n","protected":false},"author":1,"featured_media":0,"parent":0,"menu_order":0,"comment_status":"closed","ping_status":"closed","template":"","meta":{"footnotes":""},"class_list":["post-2","page","type-page","status-publish","hentry"],"_links":{"self":[{"href":"http:\/\/aksoy-aksoy.av.tr\/tr\/index.php?rest_route=\/wp\/v2\/pages\/2"}],"collection":[{"href":"http:\/\/aksoy-aksoy.av.tr\/tr\/index.php?rest_route=\/wp\/v2\/pages"}],"about":[{"href":"http:\/\/aksoy-aksoy.av.tr\/tr\/index.php?rest_route=\/wp\/v2\/types\/page"}],"author":[{"embeddable":true,"href":"http:\/\/aksoy-aksoy.av.tr\/tr\/index.php?rest_route=\/wp\/v2\/users\/1"}],"replies":[{"embeddable":true,"href":"http:\/\/aksoy-aksoy.av.tr\/tr\/index.php?rest_route=%2Fwp%2Fv2%2Fcomments&post=2"}],"version-history":[{"count":3,"href":"http:\/\/aksoy-aksoy.av.tr\/tr\/index.php?rest_route=\/wp\/v2\/pages\/2\/revisions"}],"predecessor-version":[{"id":32,"href":"http:\/\/aksoy-aksoy.av.tr\/tr\/index.php?rest_route=\/wp\/v2\/pages\/2\/revisions\/32"}],"wp:attachment":[{"href":"http:\/\/aksoy-aksoy.av.tr\/tr\/index.php?rest_route=%2Fwp%2Fv2%2Fmedia&parent=2"}],"curies":[{"name":"wp","href":"https:\/\/api.w.org\/{rel}","templated":true}]}}