{"id":33,"date":"2014-02-07T19:46:18","date_gmt":"2014-02-07T17:46:18","guid":{"rendered":"http:\/\/aksoy-aksoy.av.tr\/tr\/?page_id=33"},"modified":"2016-05-14T19:24:09","modified_gmt":"2016-05-14T16:24:09","slug":"anasayfa","status":"publish","type":"page","link":"http:\/\/aksoy-aksoy.av.tr\/tr\/","title":{"rendered":"Anasayfa"},"content":{"rendered":"<div align=\"justify\">Web Sitemize Ho\u015fgeldiniz!<\/div>\n<div align=\"justify\"><\/div>\n<div align=\"justify\">&#8220;G\u00f6revimizi yaparken kimseye, ne m\u00fcvekkile, ne hakime, hele ne iktidara tabiyiz. Bizim a\u015fa\u011f\u0131m\u0131zda ki\u015filerin varl\u0131\u011f\u0131 iddias\u0131nda de\u011filiz. Fakat hi\u00e7 bir hiyerar\u015fik \u00fcst de tan\u0131m\u0131yoruz. En k\u0131demsizin en k\u0131demliden veya isim yapm\u0131\u015f olandan fark\u0131 yoktur. Avukatlar tarih boyu k\u00f6le kullanmad\u0131lar ama hi\u00e7 bir zamanda efendileri de olmad\u0131!&#8221;<\/div>\n<div align=\"right\"><strong>MOLIERAC<\/strong><\/div>\n","protected":false},"excerpt":{"rendered":"<p>Web Sitemize Ho\u015fgeldiniz! &#8220;G\u00f6revimizi yaparken kimseye, ne m\u00fcvekkile, ne hakime, hele ne iktidara tabiyiz. Bizim a\u015fa\u011f\u0131m\u0131zda ki\u015filerin varl\u0131\u011f\u0131 iddias\u0131nda de\u011filiz. Fakat hi\u00e7 bir hiyerar\u015fik \u00fcst de tan\u0131m\u0131yoruz. En k\u0131demsizin en k\u0131demliden veya isim yapm\u0131\u015f olandan fark\u0131 yoktur. Avukatlar tarih boyu k\u00f6le kullanmad\u0131lar ama hi\u00e7 bir zamanda efendileri de olmad\u0131!&#8221; MOLIERAC<\/p>\n","protected":false},"author":1,"featured_media":0,"parent":0,"menu_order":0,"comment_status":"closed","ping_status":"closed","template":"","meta":{"footnotes":""},"class_list":["post-33","page","type-page","status-publish","hentry"],"_links":{"self":[{"href":"http:\/\/aksoy-aksoy.av.tr\/tr\/index.php?rest_route=\/wp\/v2\/pages\/33"}],"collection":[{"href":"http:\/\/aksoy-aksoy.av.tr\/tr\/index.php?rest_route=\/wp\/v2\/pages"}],"about":[{"href":"http:\/\/aksoy-aksoy.av.tr\/tr\/index.php?rest_route=\/wp\/v2\/types\/page"}],"author":[{"embeddable":true,"href":"http:\/\/aksoy-aksoy.av.tr\/tr\/index.php?rest_route=\/wp\/v2\/users\/1"}],"replies":[{"embeddable":true,"href":"http:\/\/aksoy-aksoy.av.tr\/tr\/index.php?rest_route=%2Fwp%2Fv2%2Fcomments&post=33"}],"version-history":[{"count":4,"href":"http:\/\/aksoy-aksoy.av.tr\/tr\/index.php?rest_route=\/wp\/v2\/pages\/33\/revisions"}],"predecessor-version":[{"id":94,"href":"http:\/\/aksoy-aksoy.av.tr\/tr\/index.php?rest_route=\/wp\/v2\/pages\/33\/revisions\/94"}],"wp:attachment":[{"href":"http:\/\/aksoy-aksoy.av.tr\/tr\/index.php?rest_route=%2Fwp%2Fv2%2Fmedia&parent=33"}],"curies":[{"name":"wp","href":"https:\/\/api.w.org\/{rel}","templated":true}]}}