{"id":89,"date":"2016-05-14T18:34:55","date_gmt":"2016-05-14T15:34:55","guid":{"rendered":"http:\/\/aksoy-aksoy.av.tr\/tr\/?page_id=89"},"modified":"2016-05-14T18:34:55","modified_gmt":"2016-05-14T15:34:55","slug":"ekibimiz","status":"publish","type":"page","link":"http:\/\/aksoy-aksoy.av.tr\/tr\/?page_id=89","title":{"rendered":"Ekibimiz"},"content":{"rendered":"<p><img loading=\"lazy\" decoding=\"async\" class=\"size-full wp-image-49 aligncenter\" src=\"http:\/\/aksoy-aksoy.av.tr\/tr\/wp-content\/uploads\/2014\/02\/avukat-meryem-aksoy.jpg\" alt=\"avukat meryem aksoy\" width=\"100\" height=\"133\" \/><\/p>\n<p style=\"text-align: center;\"><strong>Avukat Meryem Aksoy<\/strong><\/p>\n<p style=\"text-align: justify;\">Antalya\u2019n\u0131n G\u00fcndo\u011fmu\u015f\u00a0 il\u00e7esinde d\u00fcnyaya gelmi\u015ftir.<\/p>\n<p style=\"text-align: justify;\">\u0130lk ve orta \u00f6\u011frenimini G\u00fcndo\u011fmu\u015f\u2019ta tamamlam\u0131\u015ft\u0131r. G\u00fcndo\u011fmu\u015f Lisesi\u2019ni birincilikle bitirip, 1997 y\u0131l\u0131nda Anadolu \u00dcniversitesi Hukuk Fak\u00fcltesi\u2019ni kazanm\u0131\u015ft\u0131r. 2001 y\u0131l\u0131nda lisans e\u011fitimini tamamlam\u0131\u015ft\u0131r.<\/p>\n<p style=\"text-align: justify;\">Bir y\u0131l devam eden avukatl\u0131k staj\u0131ndan sonra, Antalya\u2019da avukatl\u0131k mesle\u011fini icra etmeye ba\u015flam\u0131\u015ft\u0131r.\u00a02003 y\u0131l\u0131ndan bu yana, avukatl\u0131k mesle\u011fini severek yapmaya devam etmektedir.<\/p>\n<p style=\"text-align: justify;\">\n<p style=\"text-align: justify;\"><img loading=\"lazy\" decoding=\"async\" class=\"size-full wp-image-48 aligncenter\" src=\"http:\/\/aksoy-aksoy.av.tr\/tr\/wp-content\/uploads\/2014\/02\/avukat-zeki-aksoy.jpg\" alt=\"avukat zeki aksoy\" width=\"100\" height=\"133\" \/><\/p>\n<p style=\"text-align: center;\"><strong>Avukat Sad\u0131k Zeki Aksoy<\/strong><\/p>\n<p style=\"text-align: justify;\">Antalya\u2019n\u0131n Serik il\u00e7esinde\u00a0 d\u00fcnyaya gelmi\u015ftir. \u0130lk \u00f6\u011frenimini Antalya\u00a0 Koleji\u2019nde, orta \u00f6\u011frenimini Antalya Lisesi\u2019nde tamamlam\u0131\u015ft\u0131r.<\/p>\n<p style=\"text-align: justify;\">1997 y\u0131l\u0131nda,\u00a0 Do\u011fu Akdeniz \u00dcniversitesi \u0130ngilizce Mimarl\u0131k Fak\u00fcltesi\u2019ni kazanm\u0131\u015ft\u0131r. Burada bir s\u00fcre lisans e\u011fitimine devam etmi\u015ftir. Hukuk fak\u00fcltesinde okuma iste\u011fi nedeniyle, mimarl\u0131k fak\u00fcltesini b\u0131rakarak, Do\u011fu Akdeniz \u00dcniversitesi Hukuk Fak\u00fcltesi\u2019nde lisans e\u011fitimini\u00a0 tamamlam\u0131\u015ft\u0131r.<\/p>\n<p style=\"text-align: justify;\">Bir y\u0131l devam eden avukatl\u0131k staj\u0131ndan ve askerlik g\u00f6revinden sonra, 2004 y\u0131l\u0131nda avukatl\u0131k mesle\u011fine ba\u015flam\u0131\u015ft\u0131r. Avukatl\u0131k mesle\u011fini severek ve isteyerek en g\u00fczel \u015fekilde ifa etmeye devam etmektedir.<\/p>\n<p style=\"text-align: justify;\">\u0130yi derecede \u0130ngilizce bilmektedir<\/p>\n<p style=\"text-align: justify;\">\n","protected":false},"excerpt":{"rendered":"<p>Avukat Meryem Aksoy Antalya\u2019n\u0131n G\u00fcndo\u011fmu\u015f\u00a0 il\u00e7esinde d\u00fcnyaya gelmi\u015ftir. \u0130lk ve orta \u00f6\u011frenimini G\u00fcndo\u011fmu\u015f\u2019ta tamamlam\u0131\u015ft\u0131r. G\u00fcndo\u011fmu\u015f Lisesi\u2019ni birincilikle bitirip, 1997 y\u0131l\u0131nda Anadolu \u00dcniversitesi Hukuk Fak\u00fcltesi\u2019ni kazanm\u0131\u015ft\u0131r. 2001 y\u0131l\u0131nda lisans e\u011fitimini tamamlam\u0131\u015ft\u0131r. Bir y\u0131l devam eden avukatl\u0131k staj\u0131ndan sonra, Antalya\u2019da avukatl\u0131k mesle\u011fini icra etmeye ba\u015flam\u0131\u015ft\u0131r.\u00a02003 y\u0131l\u0131ndan bu yana, avukatl\u0131k mesle\u011fini severek yapmaya devam etmektedir. Avukat Sad\u0131k Zeki [&hellip;]<\/p>\n","protected":false},"author":1,"featured_media":0,"parent":0,"menu_order":0,"comment_status":"closed","ping_status":"closed","template":"","meta":{"footnotes":""},"class_list":["post-89","page","type-page","status-publish","hentry"],"_links":{"self":[{"href":"http:\/\/aksoy-aksoy.av.tr\/tr\/index.php?rest_route=\/wp\/v2\/pages\/89"}],"collection":[{"href":"http:\/\/aksoy-aksoy.av.tr\/tr\/index.php?rest_route=\/wp\/v2\/pages"}],"about":[{"href":"http:\/\/aksoy-aksoy.av.tr\/tr\/index.php?rest_route=\/wp\/v2\/types\/page"}],"author":[{"embeddable":true,"href":"http:\/\/aksoy-aksoy.av.tr\/tr\/index.php?rest_route=\/wp\/v2\/users\/1"}],"replies":[{"embeddable":true,"href":"http:\/\/aksoy-aksoy.av.tr\/tr\/index.php?rest_route=%2Fwp%2Fv2%2Fcomments&post=89"}],"version-history":[{"count":1,"href":"http:\/\/aksoy-aksoy.av.tr\/tr\/index.php?rest_route=\/wp\/v2\/pages\/89\/revisions"}],"predecessor-version":[{"id":90,"href":"http:\/\/aksoy-aksoy.av.tr\/tr\/index.php?rest_route=\/wp\/v2\/pages\/89\/revisions\/90"}],"wp:attachment":[{"href":"http:\/\/aksoy-aksoy.av.tr\/tr\/index.php?rest_route=%2Fwp%2Fv2%2Fmedia&parent=89"}],"curies":[{"name":"wp","href":"https:\/\/api.w.org\/{rel}","templated":true}]}}